{"id":90,"date":"2017-05-16T14:38:06","date_gmt":"2017-05-16T12:38:06","guid":{"rendered":"http:\/\/u6253216.fsdata.se\/?page_id=90"},"modified":"2017-05-18T10:03:05","modified_gmt":"2017-05-18T08:03:05","slug":"kz-iii","status":"publish","type":"page","link":"https:\/\/www.gvfs.se\/?page_id=90","title":{"rendered":"KZ III"},"content":{"rendered":"<div id=\"sites-canvas-main\" class=\"sites-canvas-main\">\n<div id=\"sites-canvas-main-content\">\n<table class=\"sites-layout-name-one-column sites-layout-hbox\" cellspacing=\"0\">\n<tbody>\n<tr>\n<td class=\"sites-layout-tile sites-tile-name-content-1\">\n<div dir=\"ltr\">\n<div><a href=\"http:\/\/u6253216.fsdata.se\/wp-content\/uploads\/2017\/05\/kz_snettbak.jpg\"><img loading=\"lazy\" decoding=\"async\" class=\"alignleft size-full wp-image-104\" src=\"http:\/\/u6253216.fsdata.se\/wp-content\/uploads\/2017\/05\/kz_snettbak.jpg\" alt=\"\" width=\"436\" height=\"240\" srcset=\"https:\/\/gvfs.se\/wp-content\/uploads\/2017\/05\/kz_snettbak.jpg 436w, https:\/\/gvfs.se\/wp-content\/uploads\/2017\/05\/kz_snettbak-300x165.jpg 300w\" sizes=\"auto, (max-width: 436px) 100vw, 436px\" \/><\/a>Det f\u00f6rsta flygplanet som s\u00e4llskapet renoverade var en dansk maskin av typen KZ III L\u00e4rkan. Detta lilla h\u00f6gvingade tv\u00e5sitsiga sportflygplan konstruerades under andra v\u00e4rldskriget av Kramme og Zeuthen i Danmark. Prototypen smugglades \u00f6ver till V\u00e4stsverige d\u00e4r den provfl\u00f6gs. Efter kriget tillverkades 62 exemplar av detta beh\u00e4ndiga flygplan. Typen utm\u00e4rks av korta start- och landningsstr\u00e4ckor och m\u00f6jlighet att flyga extremt l\u00e5ngsamt.<\/div>\n<p>&nbsp;<\/p>\n<p>&nbsp;<\/p>\n<p>&nbsp;<\/p>\n<p><strong>Data och prestanda:<\/strong><br \/>\nMotor: Cirrus Minor II, 100 hk<br \/>\nSp\u00e4nnvidd: 9,60 m<br \/>\nVingyta: 13,0 kvm<br \/>\nTomvikt: 419 kg<br \/>\nMaxvikt: 650 kg<br \/>\nMaxfart: 185 km\/h<br \/>\nMarschfart: 150 km\/h<br \/>\nLandningsfart: 55 km\/h<br \/>\nTopph\u00f6jd: 4 150 m<\/p>\n<\/div>\n<\/td>\n<\/tr>\n<\/tbody>\n<\/table>\n<\/div>\n<\/div>\n","protected":false},"excerpt":{"rendered":"<p>Det f\u00f6rsta flygplanet som s\u00e4llskapet renoverade var en dansk maskin av typen KZ III L\u00e4rkan. Detta lilla h\u00f6gvingade tv\u00e5sitsiga sportflygplan konstruerades under andra v\u00e4rldskriget av Kramme og Zeuthen i Danmark. Prototypen smugglades \u00f6ver till V\u00e4stsverige d\u00e4r den provfl\u00f6gs. Efter kriget tillverkades 62 exemplar av detta beh\u00e4ndiga flygplan. Typen utm\u00e4rks av korta start- och landningsstr\u00e4ckor och [&hellip;]<\/p>\n","protected":false},"author":1,"featured_media":0,"parent":71,"menu_order":0,"comment_status":"closed","ping_status":"closed","template":"","meta":{"footnotes":""},"class_list":["post-90","page","type-page","status-publish","hentry","entry"],"_links":{"self":[{"href":"https:\/\/www.gvfs.se\/index.php?rest_route=\/wp\/v2\/pages\/90","targetHints":{"allow":["GET"]}}],"collection":[{"href":"https:\/\/www.gvfs.se\/index.php?rest_route=\/wp\/v2\/pages"}],"about":[{"href":"https:\/\/www.gvfs.se\/index.php?rest_route=\/wp\/v2\/types\/page"}],"author":[{"embeddable":true,"href":"https:\/\/www.gvfs.se\/index.php?rest_route=\/wp\/v2\/users\/1"}],"replies":[{"embeddable":true,"href":"https:\/\/www.gvfs.se\/index.php?rest_route=%2Fwp%2Fv2%2Fcomments&post=90"}],"version-history":[{"count":2,"href":"https:\/\/www.gvfs.se\/index.php?rest_route=\/wp\/v2\/pages\/90\/revisions"}],"predecessor-version":[{"id":121,"href":"https:\/\/www.gvfs.se\/index.php?rest_route=\/wp\/v2\/pages\/90\/revisions\/121"}],"up":[{"embeddable":true,"href":"https:\/\/www.gvfs.se\/index.php?rest_route=\/wp\/v2\/pages\/71"}],"wp:attachment":[{"href":"https:\/\/www.gvfs.se\/index.php?rest_route=%2Fwp%2Fv2%2Fmedia&parent=90"}],"curies":[{"name":"wp","href":"https:\/\/api.w.org\/{rel}","templated":true}]}}