{"id":9,"date":"2017-05-16T09:32:56","date_gmt":"2017-05-16T09:32:56","guid":{"rendered":"http:\/\/u6253216.fsdata.se\/?page_id=9"},"modified":"2025-02-12T12:11:16","modified_gmt":"2025-02-12T11:11:16","slug":"hem","status":"publish","type":"page","link":"https:\/\/www.gvfs.se\/","title":{"rendered":"V\u00e4lkommen"},"content":{"rendered":"<div id=\"sites-canvas-main\" class=\"sites-canvas-main\">\n<div id=\"sites-canvas-main-content\">\n<div class=\"sites-layout-name-right-sidebar-hf sites-layout-vbox\">\n<div class=\"sites-layout-tile sites-tile-name-header\">\n<div dir=\"ltr\">\n<div>\n<div>\n<p><a href=\"http:\/\/u6253216.fsdata.se\/gvfs\/\"><img loading=\"lazy\" decoding=\"async\" class=\"details-image aligncenter\" draggable=\"false\" src=\"https:\/\/gvfs.se\/wp-content\/uploads\/2022\/08\/AHC.jpg\" alt=\"\" width=\"583\" height=\"386\" \/><\/a><\/p>\n<\/div>\n<\/div>\n<\/div>\n<\/div>\n<\/div>\n<\/div>\n<\/div>\n<div id=\"sites-canvas-main\" class=\"sites-canvas-main\">\n<div id=\"sites-canvas-main-content\">\n<div class=\"sites-layout-name-right-sidebar-hf sites-layout-vbox\">\n<table class=\"sites-layout-hbox\" cellspacing=\"0\">\n<tbody>\n<tr>\n<td class=\"sites-layout-tile sites-tile-name-content-1\">\n<div dir=\"ltr\">\n<p><span style=\"font-family: georgia,serif;\"><em><strong>G\u00f6teborgs Veteranflygs\u00e4llskap<\/strong> (GVFS) bildades 1980 av en grupp entusiaster f\u00f6r levande flyghistoria. S\u00e4llskapet tar hand om gamla flygmaskiner, renoverar dem till perfekt skick och flyger med dem. Stj\u00e4rnorna i v\u00e5r samling \u00e4r tv\u00e5 G\u00f6taverken GV 38, Sveriges f\u00f6rsta serietillverkade sportflygplan.<\/em><\/span><\/p>\n<\/div>\n<h4>Visste du att&#8230;<\/h4>\n<p><strong><em>V\u00e5ra GV-38 &#8221;SE-AHC&#8221; (ovan) och <\/em><\/strong><strong><em>&#8221;SE-AHG&#8221; (nedan) \u00e4r de enda flygande i v\u00e4rlden.<\/em><\/strong><\/td>\n<\/tr>\n<\/tbody>\n<\/table>\n<p style=\"text-align: center;\"><a href=\"https:\/\/www.gvfs.se\/?attachment_id=114#main\" rel=\"attachment wp-att-114\"><img loading=\"lazy\" decoding=\"async\" class=\"alignleft wp-image-114\" src=\"https:\/\/gvfs.se\/wp-content\/uploads\/2017\/05\/gv38sida-300x168.jpg\" alt=\"\" width=\"551\" height=\"309\" srcset=\"https:\/\/gvfs.se\/wp-content\/uploads\/2017\/05\/gv38sida-300x168.jpg 300w, https:\/\/gvfs.se\/wp-content\/uploads\/2017\/05\/gv38sida.jpg 436w\" sizes=\"auto, (max-width: 551px) 100vw, 551px\" \/><\/a>\u2660<\/p>\n<h5 style=\"text-align: left;\"><\/h5>\n<p style=\"text-align: center;\"><strong><span style=\"color: #339966;\">Bes\u00f6k g\u00e4rna Aeroseums v\u00e4nner<\/span><\/strong><\/p>\n<h5 style=\"text-align: center;\"><a href=\"https:\/\/aeroseum.se\/aeroseums-vanner\/\">aeroseum.se\/aeroseums-vanner\/<\/a><\/h5>\n<\/div>\n<\/div>\n<\/div>\n","protected":false},"excerpt":{"rendered":"<p>G\u00f6teborgs Veteranflygs\u00e4llskap (GVFS) bildades 1980 av en grupp entusiaster f\u00f6r levande flyghistoria. S\u00e4llskapet tar hand om gamla flygmaskiner, renoverar dem till perfekt skick och flyger med dem. Stj\u00e4rnorna i v\u00e5r samling \u00e4r tv\u00e5 G\u00f6taverken GV 38, Sveriges f\u00f6rsta serietillverkade sportflygplan. Visste du att&#8230; V\u00e5ra GV-38 &#8221;SE-AHC&#8221; (ovan) och &#8221;SE-AHG&#8221; (nedan) \u00e4r de enda flygande i [&hellip;]<\/p>\n","protected":false},"author":1,"featured_media":0,"parent":0,"menu_order":0,"comment_status":"closed","ping_status":"closed","template":"","meta":{"footnotes":""},"class_list":["post-9","page","type-page","status-publish","hentry","entry"],"_links":{"self":[{"href":"https:\/\/www.gvfs.se\/index.php?rest_route=\/wp\/v2\/pages\/9","targetHints":{"allow":["GET"]}}],"collection":[{"href":"https:\/\/www.gvfs.se\/index.php?rest_route=\/wp\/v2\/pages"}],"about":[{"href":"https:\/\/www.gvfs.se\/index.php?rest_route=\/wp\/v2\/types\/page"}],"author":[{"embeddable":true,"href":"https:\/\/www.gvfs.se\/index.php?rest_route=\/wp\/v2\/users\/1"}],"replies":[{"embeddable":true,"href":"https:\/\/www.gvfs.se\/index.php?rest_route=%2Fwp%2Fv2%2Fcomments&post=9"}],"version-history":[{"count":34,"href":"https:\/\/www.gvfs.se\/index.php?rest_route=\/wp\/v2\/pages\/9\/revisions"}],"predecessor-version":[{"id":648,"href":"https:\/\/www.gvfs.se\/index.php?rest_route=\/wp\/v2\/pages\/9\/revisions\/648"}],"wp:attachment":[{"href":"https:\/\/www.gvfs.se\/index.php?rest_route=%2Fwp%2Fv2%2Fmedia&parent=9"}],"curies":[{"name":"wp","href":"https:\/\/api.w.org\/{rel}","templated":true}]}}