{"id":545,"date":"2022-03-10T13:25:20","date_gmt":"2022-03-10T12:25:20","guid":{"rendered":"http:\/\/www.gvfs.se\/?page_id=545"},"modified":"2024-01-17T20:05:33","modified_gmt":"2024-01-17T19:05:33","slug":"pietenpol-air-camper","status":"publish","type":"page","link":"https:\/\/www.gvfs.se\/?page_id=545","title":{"rendered":"Pietenpol Air Camper"},"content":{"rendered":"<p>SE-ADA<\/p>\n<p><a href=\"https:\/\/www.gvfs.se\/?attachment_id=605\" rel=\"attachment wp-att-605\"><img loading=\"lazy\" decoding=\"async\" class=\"alignleft size-medium wp-image-605\" src=\"https:\/\/gvfs.se\/wp-content\/uploads\/2024\/01\/Piet-225x300.jpg\" alt=\"\" width=\"225\" height=\"300\" srcset=\"https:\/\/gvfs.se\/wp-content\/uploads\/2024\/01\/Piet-225x300.jpg 225w, https:\/\/gvfs.se\/wp-content\/uploads\/2024\/01\/Piet-768x1024.jpg 768w, https:\/\/gvfs.se\/wp-content\/uploads\/2024\/01\/Piet-1152x1536.jpg 1152w, https:\/\/gvfs.se\/wp-content\/uploads\/2024\/01\/Piet.jpg 1536w\" sizes=\"auto, (max-width: 225px) 100vw, 225px\" \/><\/a><\/p>\n<p>&nbsp;<\/p>\n<p>&nbsp;<\/p>\n<p>&nbsp;<\/p>\n<p>&nbsp;<\/p>\n<p>&nbsp;<\/p>\n<p>&nbsp;<\/p>\n<p>&nbsp;<\/p>\n<p>&nbsp;<\/p>\n<p>&nbsp;<\/p>\n<p>Byggs i tr\u00e4 efter ritningar daterade 1933. Svensk kvistfri furu till allt utom stj\u00e4rtstyrverket d\u00e4r amerikansk gran anv\u00e4nds, detta av vikt\/balanssk\u00e4l.<\/p>\n","protected":false},"excerpt":{"rendered":"<p>SE-ADA &nbsp; &nbsp; &nbsp; &nbsp; &nbsp; &nbsp; &nbsp; &nbsp; &nbsp; Byggs i tr\u00e4 efter ritningar daterade 1933. Svensk kvistfri furu till allt utom stj\u00e4rtstyrverket d\u00e4r amerikansk gran anv\u00e4nds, detta av vikt\/balanssk\u00e4l.<\/p>\n","protected":false},"author":1,"featured_media":0,"parent":0,"menu_order":0,"comment_status":"closed","ping_status":"closed","template":"","meta":{"footnotes":""},"class_list":["post-545","page","type-page","status-publish","hentry","entry"],"_links":{"self":[{"href":"https:\/\/www.gvfs.se\/index.php?rest_route=\/wp\/v2\/pages\/545","targetHints":{"allow":["GET"]}}],"collection":[{"href":"https:\/\/www.gvfs.se\/index.php?rest_route=\/wp\/v2\/pages"}],"about":[{"href":"https:\/\/www.gvfs.se\/index.php?rest_route=\/wp\/v2\/types\/page"}],"author":[{"embeddable":true,"href":"https:\/\/www.gvfs.se\/index.php?rest_route=\/wp\/v2\/users\/1"}],"replies":[{"embeddable":true,"href":"https:\/\/www.gvfs.se\/index.php?rest_route=%2Fwp%2Fv2%2Fcomments&post=545"}],"version-history":[{"count":5,"href":"https:\/\/www.gvfs.se\/index.php?rest_route=\/wp\/v2\/pages\/545\/revisions"}],"predecessor-version":[{"id":610,"href":"https:\/\/www.gvfs.se\/index.php?rest_route=\/wp\/v2\/pages\/545\/revisions\/610"}],"wp:attachment":[{"href":"https:\/\/www.gvfs.se\/index.php?rest_route=%2Fwp%2Fv2%2Fmedia&parent=545"}],"curies":[{"name":"wp","href":"https:\/\/api.w.org\/{rel}","templated":true}]}}