{"id":48,"date":"2017-05-16T14:12:42","date_gmt":"2017-05-16T12:12:42","guid":{"rendered":"http:\/\/u6253216.fsdata.se\/?page_id=48"},"modified":"2017-07-03T13:59:27","modified_gmt":"2017-07-03T11:59:27","slug":"sponsra","status":"publish","type":"page","link":"https:\/\/www.gvfs.se\/?page_id=48","title":{"rendered":"Sponsra"},"content":{"rendered":"<p>Hj\u00e4lp oss att bevara ett stycke flygande industrihistoria! Verksamheten i G\u00f6teborgs Veteranflygs\u00e4llskap bedrivs ideellt, men ink\u00f6p av flygplansmaterial och dylikt \u00e4r tunga poster i v\u00e5r budget. Du som tycker att det \u00e4r v\u00e4rt att h\u00e5lla historien levande, s\u00e4tt in valfri summa p\u00e5 GVFS postgiro 17 61 15-4 eller bankgiro 180-02 26. Vi tar ocks\u00e5 tacksamt emot material, verktyg med mera som kan komma till nytta. Som tack kanske du f\u00e5r en of\u00f6rgl\u00f6mlig flygtur med ett veteranflygplan&#8230;<\/p>\n<div><a href=\"http:\/\/u6253216.fsdata.se\/sponsra\/attachment\/carangv\/#main\" rel=\"attachment wp-att-170\"><img loading=\"lazy\" decoding=\"async\" class=\"alignleft wp-image-170 size-full\" src=\"http:\/\/u6253216.fsdata.se\/wp-content\/uploads\/2017\/05\/carangv.jpg\" alt=\"\" width=\"200\" height=\"124\" \/><\/a><\/div>\n<p>&nbsp;<\/p>\n<p>&nbsp;<\/p>\n<p>&nbsp;<\/p>\n<p>&nbsp;<\/p>\n<p>Reklamplats: att synas p\u00e5 s\u00e4llskapets flygplan eller hangar \u00e4r god reklam f\u00f6r f\u00f6retaget &#8211; och en god flyghistorisk g\u00e4rning. Vi kan ocks\u00e5 erbjuda andra former av samarbeten. F\u00f6retaget Caran har som exempel h\u00e4ngt upp en av v\u00e5ra GV 38 i sina lokaler!\u00a0Kontakta oss\u00a0f\u00f6r mer information.<\/p>\n","protected":false},"excerpt":{"rendered":"<p>Hj\u00e4lp oss att bevara ett stycke flygande industrihistoria! Verksamheten i G\u00f6teborgs Veteranflygs\u00e4llskap bedrivs ideellt, men ink\u00f6p av flygplansmaterial och dylikt \u00e4r tunga poster i v\u00e5r budget. Du som tycker att det \u00e4r v\u00e4rt att h\u00e5lla historien levande, s\u00e4tt in valfri summa p\u00e5 GVFS postgiro 17 61 15-4 eller bankgiro 180-02 26. Vi tar ocks\u00e5 tacksamt [&hellip;]<\/p>\n","protected":false},"author":1,"featured_media":0,"parent":0,"menu_order":0,"comment_status":"closed","ping_status":"closed","template":"","meta":{"footnotes":""},"class_list":["post-48","page","type-page","status-publish","hentry","entry"],"_links":{"self":[{"href":"https:\/\/www.gvfs.se\/index.php?rest_route=\/wp\/v2\/pages\/48","targetHints":{"allow":["GET"]}}],"collection":[{"href":"https:\/\/www.gvfs.se\/index.php?rest_route=\/wp\/v2\/pages"}],"about":[{"href":"https:\/\/www.gvfs.se\/index.php?rest_route=\/wp\/v2\/types\/page"}],"author":[{"embeddable":true,"href":"https:\/\/www.gvfs.se\/index.php?rest_route=\/wp\/v2\/users\/1"}],"replies":[{"embeddable":true,"href":"https:\/\/www.gvfs.se\/index.php?rest_route=%2Fwp%2Fv2%2Fcomments&post=48"}],"version-history":[{"count":5,"href":"https:\/\/www.gvfs.se\/index.php?rest_route=\/wp\/v2\/pages\/48\/revisions"}],"predecessor-version":[{"id":221,"href":"https:\/\/www.gvfs.se\/index.php?rest_route=\/wp\/v2\/pages\/48\/revisions\/221"}],"wp:attachment":[{"href":"https:\/\/www.gvfs.se\/index.php?rest_route=%2Fwp%2Fv2%2Fmedia&parent=48"}],"curies":[{"name":"wp","href":"https:\/\/api.w.org\/{rel}","templated":true}]}}