{"id":47,"date":"2017-05-16T14:12:42","date_gmt":"2017-05-16T12:12:42","guid":{"rendered":"http:\/\/u6253216.fsdata.se\/?page_id=47"},"modified":"2022-03-10T13:09:10","modified_gmt":"2022-03-10T12:09:10","slug":"aviatoren","status":"publish","type":"page","link":"https:\/\/www.gvfs.se\/?page_id=47","title":{"rendered":"Aviat\u00f6ren"},"content":{"rendered":"<h4><\/h4>\n<h4>&#8221;Aviat\u00f6ren&#8221; \u00e4r v\u00e5r medlemstidning som utkommer 1-2 g\u00e5nger per \u00e5r!<\/h4>\n<p>I tidningen skriver vi om\u00a0allt som p\u00e5g\u00e5r i f\u00f6reningen, blandat med reportage om flyghistoria och intressanta flygmaskiner! Med Aviat\u00f6ren h\u00e5ller du dig uppdaterad om vad som h\u00e4nder i GVFS, \u00e4ven om du v\u00e4ljer att inte sj\u00e4lv vara aktiv i f\u00f6reningen.<\/p>\n<h4><a href=\"http:\/\/www.gvfs.se\/?attachment_id=102\" rel=\"attachment wp-att-102\">Aviat\u00f6ren 86<\/a><br \/>\n<a href=\"http:\/\/www.gvfs.se\/?attachment_id=103\" rel=\"attachment wp-att-103\">Aviat\u00f6ren 87<\/a><br \/>\n<a href=\"http:\/\/www.gvfs.se\/?attachment_id=100\" rel=\"attachment wp-att-100\">Aviat\u00f6ren 88-89<\/a><br \/>\n<a href=\"http:\/\/www.gvfs.se\/?attachment_id=99\" rel=\"attachment wp-att-99\">Aviat\u00f6ren 90<\/a><br \/>\n<a href=\"http:\/\/www.gvfs.se\/?attachment_id=98\" rel=\"attachment wp-att-98\">Aviat\u00f6ren 91-92<\/a><br \/>\n<a href=\"http:\/\/www.gvfs.se\/?attachment_id=97\" rel=\"attachment wp-att-97\">Aviat\u00f6ren 93<\/a><br \/>\n<a href=\"http:\/\/www.gvfs.se\/?attachment_id=96\" rel=\"attachment wp-att-96\">Aviat\u00f6ren 94-95<\/a><br \/>\n<a href=\"http:\/\/www.gvfs.se\/?attachment_id=95\" rel=\"attachment wp-att-95\">Aviat\u00f6ren 96<\/a><br \/>\n<a href=\"http:\/\/www.gvfs.se\/?attachment_id=94\" rel=\"attachment wp-att-94\">Aviat\u00f6ren 97-98<\/a><br \/>\n<a href=\"http:\/\/www.gvfs.se\/?attachment_id=389\" rel=\"attachment wp-att-389\">Aviat\u00f6ren 99<\/a><br \/>\n<a href=\"http:\/\/www.gvfs.se\/?attachment_id=390\" rel=\"attachment wp-att-390\">Aviat\u00f6ren 100<\/a><br \/>\n<a href=\"http:\/\/u6253216.fsdata.se\/wp-content\/uploads\/2022\/03\/Aviator101.p65-tryckex..pdf\">Aviat\u00f6ren 101<\/a><br \/>\n<a href=\"http:\/\/u6253216.fsdata.se\/wp-content\/uploads\/2022\/03\/Aviatoren102-tryckex.pdf\">Aviat\u00f6ren 102<\/a><br \/>\n<a href=\"http:\/\/u6253216.fsdata.se\/wp-content\/uploads\/2022\/03\/Aviatoren103-tryckex.pdf\">Aviat\u00f6ren 103<\/a><br \/>\n<a href=\"http:\/\/u6253216.fsdata.se\/wp-content\/uploads\/2022\/03\/Aviatoren104-Tryckex.pdf\">Aviat\u00f6ren 104<\/a><br \/>\n<a href=\"http:\/\/u6253216.fsdata.se\/wp-content\/uploads\/2022\/03\/Aviatoren105-Tryckex.pdf\">Aviat\u00f6ren 105<\/a><br \/>\n<a href=\"http:\/\/u6253216.fsdata.se\/wp-content\/uploads\/2022\/03\/Aviatoren-106-tryckex.pdf\">Aviat\u00f6ren 106<\/a><br \/>\n<a href=\"http:\/\/u6253216.fsdata.se\/wp-content\/uploads\/2022\/03\/Aviatoren-107-Tryckex..pdf\">Aviat\u00f6ren 107<\/a><\/h4>\n","protected":false},"excerpt":{"rendered":"<p>&#8221;Aviat\u00f6ren&#8221; \u00e4r v\u00e5r medlemstidning som utkommer 1-2 g\u00e5nger per \u00e5r! I tidningen skriver vi om\u00a0allt som p\u00e5g\u00e5r i f\u00f6reningen, blandat med reportage om flyghistoria och intressanta flygmaskiner! Med Aviat\u00f6ren h\u00e5ller du dig uppdaterad om vad som h\u00e4nder i GVFS, \u00e4ven om du v\u00e4ljer att inte sj\u00e4lv vara aktiv i f\u00f6reningen. Aviat\u00f6ren 86 Aviat\u00f6ren 87 Aviat\u00f6ren [&hellip;]<\/p>\n","protected":false},"author":1,"featured_media":0,"parent":0,"menu_order":0,"comment_status":"closed","ping_status":"closed","template":"","meta":{"footnotes":""},"class_list":["post-47","page","type-page","status-publish","hentry","entry"],"_links":{"self":[{"href":"https:\/\/www.gvfs.se\/index.php?rest_route=\/wp\/v2\/pages\/47","targetHints":{"allow":["GET"]}}],"collection":[{"href":"https:\/\/www.gvfs.se\/index.php?rest_route=\/wp\/v2\/pages"}],"about":[{"href":"https:\/\/www.gvfs.se\/index.php?rest_route=\/wp\/v2\/types\/page"}],"author":[{"embeddable":true,"href":"https:\/\/www.gvfs.se\/index.php?rest_route=\/wp\/v2\/users\/1"}],"replies":[{"embeddable":true,"href":"https:\/\/www.gvfs.se\/index.php?rest_route=%2Fwp%2Fv2%2Fcomments&post=47"}],"version-history":[{"count":26,"href":"https:\/\/www.gvfs.se\/index.php?rest_route=\/wp\/v2\/pages\/47\/revisions"}],"predecessor-version":[{"id":541,"href":"https:\/\/www.gvfs.se\/index.php?rest_route=\/wp\/v2\/pages\/47\/revisions\/541"}],"wp:attachment":[{"href":"https:\/\/www.gvfs.se\/index.php?rest_route=%2Fwp%2Fv2%2Fmedia&parent=47"}],"curies":[{"name":"wp","href":"https:\/\/api.w.org\/{rel}","templated":true}]}}