{"id":46,"date":"2017-05-16T14:12:42","date_gmt":"2017-05-16T12:12:42","guid":{"rendered":"http:\/\/u6253216.fsdata.se\/?page_id=46"},"modified":"2024-01-29T14:07:54","modified_gmt":"2024-01-29T13:07:54","slug":"bli-medlem","status":"publish","type":"page","link":"https:\/\/www.gvfs.se\/?page_id=46","title":{"rendered":"Bli medlem"},"content":{"rendered":"<div id=\"sites-canvas-main\" class=\"sites-canvas-main\">\n<div id=\"sites-canvas-main-content\">\n<div class=\"sites-layout-name-one-column-hf sites-layout-vbox\">\n<div class=\"sites-layout-tile sites-tile-name-header\">\n<div dir=\"ltr\">\n<div><em><span style=\"font-family: times new roman,serif;\">Som medlem i GVFS st\u00f6djer du arbetet med att renovera och h\u00e5lla v\u00e5ra flygande klenoder i luften. <\/span><\/em><\/div>\n<div><em><span style=\"font-family: times new roman,serif;\">Vi \u00e4r en liten f\u00f6rening, helt unik i sitt slag, och vi brinner f\u00f6r v\u00e5r verksamhet.<\/span><\/em><\/div>\n<\/div>\n<\/div>\n<div class=\"sites-layout-tile sites-tile-name-content-1\">\n<div dir=\"ltr\">\n<div><\/div>\n<div>Du f\u00e5r v\u00e5r\u00a0uppskattade tidning\u00a0Aviat\u00f6ren 1-2 ggr per \u00e5r.<\/div>\n<div>Du f\u00e5r m\u00f6jlighet att flyga med oss i flygplanen.<\/div>\n<div>Du kan engagera dig i byggruppen, k\u00e4rnan i v\u00e5r verksamhet,<\/div>\n<div>som renoverar och underh\u00e5ller flygplanen.<\/div>\n<div>Du f\u00e5r fritt intr\u00e4de till Svensk flyghistorisk f\u00f6renings f\u00f6rel\u00e4sningar p\u00e5 Radiomuseet.<\/div>\n<div>Med mera&#8230;<\/div>\n<div><\/div>\n<div>Upplev en ny dimension som pilot!<\/div>\n<div>Att l\u00e4ra sig flyga en veteranmaskin med sporrhjul \u00e4r inte sv\u00e5rt, du slipar p\u00e5 din skicklighet och l\u00e4r dig flyga med sinnena snarare \u00e4n instrument. Du l\u00e4r dig riktigt &#8221;airmanship&#8221; och f\u00e5r ett smakprov p\u00e5 hur man gjorde f\u00f6rr. Upplevelsen att sakta\u00a0fara fram \u00f6ver landskapet en ljum sommarkv\u00e4ll i en Cub, KZ III eller v\u00e5r G\u00f6taverken GV-38 \u00e4r sv\u00e5rslagen! Dessutom v\u00e4cker v\u00e5ra maskiner alltid stor uppm\u00e4rksamhet var vi \u00e4n landar.<\/div>\n<div>Mer information finner du under <a href=\"http:\/\/www.gvfs.se\/?page_id=134\">&#8221;B\u00f6rja flyga&#8221;<\/a>.<\/div>\n<div><\/div>\n<div>.<\/div>\n<p><strong>Medlemsavgifter 2024<\/strong><br \/>\n&#8211; Flygande medlem: 1400 kr<br \/>\n&#8211; St\u00f6djande medlem: 400 kr<\/p>\n<div>S\u00e4tt in medlemsavgiften p\u00e5 GVFS bankgiro 180-02 26<br \/>\nAnge namn, personnummer, adress, telefon och ev. e-post. Om du \u00e4r pilot, ange vilka beh\u00f6righeter du har. V\u00e4lkommen till Veteranflygs\u00e4llskapet!<\/div>\n<\/div>\n<\/div>\n<div class=\"sites-layout-tile sites-tile-name-footer\">\n<div dir=\"ltr\">\n<div><\/div>\n<div>H\u00e4r nedan finner du v\u00e5r informations-broschyr:<\/div>\n<\/div>\n<\/div>\n<\/div>\n<\/div>\n<\/div>\n<div id=\"sites-canvas-bottom-panel\">\n<div id=\"COMP_page-subpages\" class=\"sites-canvas-bottom-panel-wrapper\">\n<div class=\"sites-subpages\"><\/div>\n<div class=\"sites-subpages\"><a dir=\"ltr\" href=\"http:\/\/www.gvfs.se\/?page_id=134\">B\u00f6rja flyga<\/a><\/div>\n<\/div>\n<div id=\"sites-attachments-container\"><a href=\"https:\/\/gvfs.se\/wp-content\/uploads\/2024\/01\/Brochyr.pdf\">Broschyr<\/a><\/div>\n<div><\/div>\n<\/div>\n","protected":false},"excerpt":{"rendered":"<p>Som medlem i GVFS st\u00f6djer du arbetet med att renovera och h\u00e5lla v\u00e5ra flygande klenoder i luften. Vi \u00e4r en liten f\u00f6rening, helt unik i sitt slag, och vi brinner f\u00f6r v\u00e5r verksamhet. Du f\u00e5r v\u00e5r\u00a0uppskattade tidning\u00a0Aviat\u00f6ren 1-2 ggr per \u00e5r. Du f\u00e5r m\u00f6jlighet att flyga med oss i flygplanen. Du kan engagera dig i [&hellip;]<\/p>\n","protected":false},"author":1,"featured_media":0,"parent":0,"menu_order":0,"comment_status":"closed","ping_status":"closed","template":"","meta":{"footnotes":""},"class_list":["post-46","page","type-page","status-publish","hentry","entry"],"_links":{"self":[{"href":"https:\/\/www.gvfs.se\/index.php?rest_route=\/wp\/v2\/pages\/46","targetHints":{"allow":["GET"]}}],"collection":[{"href":"https:\/\/www.gvfs.se\/index.php?rest_route=\/wp\/v2\/pages"}],"about":[{"href":"https:\/\/www.gvfs.se\/index.php?rest_route=\/wp\/v2\/types\/page"}],"author":[{"embeddable":true,"href":"https:\/\/www.gvfs.se\/index.php?rest_route=\/wp\/v2\/users\/1"}],"replies":[{"embeddable":true,"href":"https:\/\/www.gvfs.se\/index.php?rest_route=%2Fwp%2Fv2%2Fcomments&post=46"}],"version-history":[{"count":19,"href":"https:\/\/www.gvfs.se\/index.php?rest_route=\/wp\/v2\/pages\/46\/revisions"}],"predecessor-version":[{"id":624,"href":"https:\/\/www.gvfs.se\/index.php?rest_route=\/wp\/v2\/pages\/46\/revisions\/624"}],"wp:attachment":[{"href":"https:\/\/www.gvfs.se\/index.php?rest_route=%2Fwp%2Fv2%2Fmedia&parent=46"}],"curies":[{"name":"wp","href":"https:\/\/api.w.org\/{rel}","templated":true}]}}