{"id":44,"date":"2017-05-16T14:12:42","date_gmt":"2017-05-16T12:12:42","guid":{"rendered":"http:\/\/u6253216.fsdata.se\/?page_id=44"},"modified":"2024-01-22T14:34:31","modified_gmt":"2024-01-22T13:34:31","slug":"byggruppen","status":"publish","type":"page","link":"https:\/\/www.gvfs.se\/?page_id=44","title":{"rendered":"Byggruppen"},"content":{"rendered":"<p><a href=\"https:\/\/www.gvfs.se\/?attachment_id=611\" rel=\"attachment wp-att-611\"><img loading=\"lazy\" decoding=\"async\" class=\"alignleft wp-image-611\" src=\"https:\/\/gvfs.se\/wp-content\/uploads\/2024\/01\/IMG_3599-300x225.jpeg\" alt=\"\" width=\"548\" height=\"411\" srcset=\"https:\/\/gvfs.se\/wp-content\/uploads\/2024\/01\/IMG_3599-300x225.jpeg 300w, https:\/\/gvfs.se\/wp-content\/uploads\/2024\/01\/IMG_3599-1024x768.jpeg 1024w, https:\/\/gvfs.se\/wp-content\/uploads\/2024\/01\/IMG_3599-768x576.jpeg 768w, https:\/\/gvfs.se\/wp-content\/uploads\/2024\/01\/IMG_3599-1536x1152.jpeg 1536w, https:\/\/gvfs.se\/wp-content\/uploads\/2024\/01\/IMG_3599-2048x1536.jpeg 2048w\" sizes=\"auto, (max-width: 548px) 100vw, 548px\" \/><\/a><\/p>\n<p>&nbsp;<\/p>\n<p>&nbsp;<\/p>\n<p>&nbsp;<\/p>\n<p>&nbsp;<\/p>\n<p>&nbsp;<\/p>\n<p>&nbsp;<\/p>\n<p>&nbsp;<\/p>\n<p>&nbsp;<\/p>\n<p>&nbsp;<\/p>\n<p>&nbsp;<\/p>\n<p>&nbsp;<\/p>\n<p>&nbsp;<\/p>\n<p>Byggverksamheten \u00e4r en central och mycket betydelsefull del av S\u00e4llskapets verksamhet. De flesta tisdagarna \u00e5ret om samlas bygg\u00e4nget i bergshangaren p\u00e5 Aeroseum f\u00f6r att underh\u00e5lla och renovera b\u00e5de egna och andras flygplan. Kunskapsniv\u00e5n om hur gamla flygplan \u00e4r konstruerade och fungerar \u00e4r imponerande vilket \u00e4r en f\u00f6ruts\u00e4ttning f\u00f6r att kunna h\u00e5lla de gamla maskinerna i flygdugligt skick.<\/p>\n<p>&nbsp;<\/p>\n<h4>Aktuella renoveringar:<\/h4>\n<p><a href=\"http:\/\/www.gvfs.se\/?page_id=152\">SE-AHC<\/a> -GV-38<\/p>\n<p><a href=\"http:\/\/www.gvfs.se\/?page_id=157\">SE-AMA<\/a> KZ III<\/p>\n<p><a href=\"http:\/\/www.gvfs.se\/?page_id=545\">SE-ADA<\/a> Pietenpol Air Camper<\/p>\n<p id=\"firstHeading\" class=\"firstHeading mw-first-heading\"><a href=\"http:\/\/www.gvfs.se\/?page_id=547\">SE-BFY<\/a> ERCO Ercoupe 415D<\/p>\n","protected":false},"excerpt":{"rendered":"<p>&nbsp; &nbsp; &nbsp; &nbsp; &nbsp; &nbsp; &nbsp; &nbsp; &nbsp; &nbsp; &nbsp; &nbsp; Byggverksamheten \u00e4r en central och mycket betydelsefull del av S\u00e4llskapets verksamhet. De flesta tisdagarna \u00e5ret om samlas bygg\u00e4nget i bergshangaren p\u00e5 Aeroseum f\u00f6r att underh\u00e5lla och renovera b\u00e5de egna och andras flygplan. Kunskapsniv\u00e5n om hur gamla flygplan \u00e4r konstruerade och fungerar \u00e4r imponerande [&hellip;]<\/p>\n","protected":false},"author":1,"featured_media":0,"parent":0,"menu_order":0,"comment_status":"closed","ping_status":"closed","template":"","meta":{"footnotes":""},"class_list":["post-44","page","type-page","status-publish","hentry","entry"],"_links":{"self":[{"href":"https:\/\/www.gvfs.se\/index.php?rest_route=\/wp\/v2\/pages\/44","targetHints":{"allow":["GET"]}}],"collection":[{"href":"https:\/\/www.gvfs.se\/index.php?rest_route=\/wp\/v2\/pages"}],"about":[{"href":"https:\/\/www.gvfs.se\/index.php?rest_route=\/wp\/v2\/types\/page"}],"author":[{"embeddable":true,"href":"https:\/\/www.gvfs.se\/index.php?rest_route=\/wp\/v2\/users\/1"}],"replies":[{"embeddable":true,"href":"https:\/\/www.gvfs.se\/index.php?rest_route=%2Fwp%2Fv2%2Fcomments&post=44"}],"version-history":[{"count":19,"href":"https:\/\/www.gvfs.se\/index.php?rest_route=\/wp\/v2\/pages\/44\/revisions"}],"predecessor-version":[{"id":615,"href":"https:\/\/www.gvfs.se\/index.php?rest_route=\/wp\/v2\/pages\/44\/revisions\/615"}],"wp:attachment":[{"href":"https:\/\/www.gvfs.se\/index.php?rest_route=%2Fwp%2Fv2%2Fmedia&parent=44"}],"curies":[{"name":"wp","href":"https:\/\/api.w.org\/{rel}","templated":true}]}}