{"id":172,"date":"2017-05-19T11:58:39","date_gmt":"2017-05-19T09:58:39","guid":{"rendered":"http:\/\/u6253216.fsdata.se\/?page_id=172"},"modified":"2017-05-21T20:02:06","modified_gmt":"2017-05-21T18:02:06","slug":"english-summary","status":"publish","type":"page","link":"https:\/\/www.gvfs.se\/?page_id=172","title":{"rendered":"English summary"},"content":{"rendered":"<p><strong><em>The Vintage Aviation Society of G\u00f6teborg<\/em><\/strong> (G\u00f6teborgs Veteranflygs\u00e4llskap) was formed in 1980 by a group of people interested in living aviation history. The society takes care of old aeroplanes, renovates them to airworthy status and operates them.<\/p>\n<h5>The aeroplanes.<\/h5>\n<p>The first machine was a KZ III, which was built in Denmark in 1946. It is a highwing two-seated monoplane noted for its extremely short take-off and landing distances. The wish to include local aviation history was fulfilled when the society was able to acquire a G\u00f6taverken GV 38. The plane, a license-built Rearwin 9000 Sportster of American design, was built in small numbers at the G\u00f6taverken shipyard before World War II. The current machine is being flown in a modified configuration with a Continental engine. A second aircraft is under restoration and it will use the original engine, a 5-cylinder 90 hp Le Blond radial. In 1998 the society also purchased a Piper J3 Cub, which is mainly used as a taildragger trainer.<\/p>\n<div><\/div>\n<h5>Activities.<\/h5>\n<div>Our planes are based and operated from the small Alings\u00e5s airfield. At G\u00f6teborg City Airport and Aeroseum, our repair and restoration facilities are located. Every year the society arranges excursions to fly-ins etc, also with participation of our family members. We also arrange our own vintage fly-in when members get the chance to see some interesting old aeroplanes in the air and on the ground.<\/div>\n<h5>Inquiries.<\/h5>\n<p>If you would like to take part in the restoration work, be a supporting member, take part in meetings, or have any other questions about GVFS, please contact:<\/p>\n<p>&nbsp;<\/p>\n<p>Gert B\u00f6ll +46 708-905625\u00a0\u00a0\u00a0\u00a0\u00a0\u00a0\u00a0\u00a0\u00a0\u00a0\u00a0gertboll1(at)gmail.com<\/p>\n<div>G\u00f6teborgs Veteranflygs\u00e4llskap,<\/div>\n<div>\n<div><span style=\"color: #000000; font-family: Arial,sans-serif;\">c\/o Tommy Bohlin<\/span><\/div>\n<div>\n<div><span style=\"color: #000000; font-family: Arial,sans-serif;\">Norra Liden 6<\/span><\/div>\n<div><span style=\"color: #000000; font-family: Arial,sans-serif;\">411 18 G\u00d6TEBORG<\/span><\/div>\n<\/div>\n<\/div>\n","protected":false},"excerpt":{"rendered":"<p>The Vintage Aviation Society of G\u00f6teborg (G\u00f6teborgs Veteranflygs\u00e4llskap) was formed in 1980 by a group of people interested in living aviation history. The society takes care of old aeroplanes, renovates them to airworthy status and operates them. The aeroplanes. The first machine was a KZ III, which was built in Denmark in 1946. It is [&hellip;]<\/p>\n","protected":false},"author":1,"featured_media":0,"parent":0,"menu_order":0,"comment_status":"closed","ping_status":"closed","template":"","meta":{"footnotes":""},"class_list":["post-172","page","type-page","status-publish","hentry","entry"],"_links":{"self":[{"href":"https:\/\/www.gvfs.se\/index.php?rest_route=\/wp\/v2\/pages\/172","targetHints":{"allow":["GET"]}}],"collection":[{"href":"https:\/\/www.gvfs.se\/index.php?rest_route=\/wp\/v2\/pages"}],"about":[{"href":"https:\/\/www.gvfs.se\/index.php?rest_route=\/wp\/v2\/types\/page"}],"author":[{"embeddable":true,"href":"https:\/\/www.gvfs.se\/index.php?rest_route=\/wp\/v2\/users\/1"}],"replies":[{"embeddable":true,"href":"https:\/\/www.gvfs.se\/index.php?rest_route=%2Fwp%2Fv2%2Fcomments&post=172"}],"version-history":[{"count":5,"href":"https:\/\/www.gvfs.se\/index.php?rest_route=\/wp\/v2\/pages\/172\/revisions"}],"predecessor-version":[{"id":198,"href":"https:\/\/www.gvfs.se\/index.php?rest_route=\/wp\/v2\/pages\/172\/revisions\/198"}],"wp:attachment":[{"href":"https:\/\/www.gvfs.se\/index.php?rest_route=%2Fwp%2Fv2%2Fmedia&parent=172"}],"curies":[{"name":"wp","href":"https:\/\/api.w.org\/{rel}","templated":true}]}}