{"id":152,"date":"2017-05-18T14:18:18","date_gmt":"2017-05-18T12:18:18","guid":{"rendered":"http:\/\/u6253216.fsdata.se\/?page_id=152"},"modified":"2024-01-17T12:39:27","modified_gmt":"2024-01-17T11:39:27","slug":"se-ahc","status":"publish","type":"page","link":"https:\/\/www.gvfs.se\/?page_id=152","title":{"rendered":"SE-AHC"},"content":{"rendered":"<table id=\"sites-chrome-main\" class=\"sites-layout-hbox\" border=\"0\" cellspacing=\"0\" cellpadding=\"{scmCellpadding}\">\n<tbody>\n<tr>\n<td id=\"sites-chrome-sidebar-left\" class=\"sites-layout-sidebar-left initial\"><\/td>\n<td id=\"sites-canvas-wrapper\">\n<div id=\"sites-canvas\">\n<div id=\"sites-canvas-main\" class=\"sites-canvas-main\">\n<div id=\"sites-canvas-main-content\">\n<table class=\"sites-layout-name-one-column sites-layout-hbox\" style=\"height: 459px;\" width=\"789\" cellspacing=\"0\">\n<tbody>\n<tr>\n<td class=\"sites-layout-tile sites-tile-name-content-1\">\n<div dir=\"ltr\">\n<div>\n<p><a href=\"http:\/\/u6253216.fsdata.se\/wp-content\/uploads\/2017\/05\/se-ahc.jpg\"><img loading=\"lazy\" decoding=\"async\" class=\"alignleft size-full wp-image-154\" src=\"http:\/\/u6253216.fsdata.se\/wp-content\/uploads\/2017\/05\/se-ahc.jpg\" alt=\"\" width=\"399\" height=\"266\" srcset=\"https:\/\/gvfs.se\/wp-content\/uploads\/2017\/05\/se-ahc.jpg 399w, https:\/\/gvfs.se\/wp-content\/uploads\/2017\/05\/se-ahc-300x200.jpg 300w\" sizes=\"auto, (max-width: 399px) 100vw, 399px\" \/><\/a><\/p>\n<div><\/div>\n<\/div>\n<div><\/div>\n<div><b>\u00a0Fakta: \u00a0<a href=\"http:\/\/forum.flyghistoria.org\/viewtopic.php?f=9&amp;t=3840\" target=\"_blank\" rel=\"nofollow noopener noreferrer\">Fr\u00e5n SFFs register<\/a><\/b><\/div>\n<div><\/div>\n<div><b>\u00a0Status: <\/b>Flygtester p\u00e5g\u00e5r<\/div>\n<div>p\u00e5 Backamo.<\/div>\n<div><b>\u00a0<\/b><\/div>\n<div><\/div>\n<\/div>\n<div><a href=\"https:\/\/goo.gl\/kff3Vw\">Motork\u00f6rning Januari 2017<\/a><\/div>\n<\/td>\n<\/tr>\n<\/tbody>\n<\/table>\n<\/div>\n<\/div>\n<\/div>\n<\/td>\n<\/tr>\n<\/tbody>\n<\/table>\n","protected":false},"excerpt":{"rendered":"<p>\u00a0Fakta: \u00a0Fr\u00e5n SFFs register \u00a0Status: Flygtester p\u00e5g\u00e5r p\u00e5 Backamo. \u00a0 Motork\u00f6rning Januari 2017<\/p>\n","protected":false},"author":1,"featured_media":0,"parent":44,"menu_order":0,"comment_status":"closed","ping_status":"closed","template":"","meta":{"footnotes":""},"class_list":["post-152","page","type-page","status-publish","hentry","entry"],"_links":{"self":[{"href":"https:\/\/www.gvfs.se\/index.php?rest_route=\/wp\/v2\/pages\/152","targetHints":{"allow":["GET"]}}],"collection":[{"href":"https:\/\/www.gvfs.se\/index.php?rest_route=\/wp\/v2\/pages"}],"about":[{"href":"https:\/\/www.gvfs.se\/index.php?rest_route=\/wp\/v2\/types\/page"}],"author":[{"embeddable":true,"href":"https:\/\/www.gvfs.se\/index.php?rest_route=\/wp\/v2\/users\/1"}],"replies":[{"embeddable":true,"href":"https:\/\/www.gvfs.se\/index.php?rest_route=%2Fwp%2Fv2%2Fcomments&post=152"}],"version-history":[{"count":6,"href":"https:\/\/www.gvfs.se\/index.php?rest_route=\/wp\/v2\/pages\/152\/revisions"}],"predecessor-version":[{"id":608,"href":"https:\/\/www.gvfs.se\/index.php?rest_route=\/wp\/v2\/pages\/152\/revisions\/608"}],"up":[{"embeddable":true,"href":"https:\/\/www.gvfs.se\/index.php?rest_route=\/wp\/v2\/pages\/44"}],"wp:attachment":[{"href":"https:\/\/www.gvfs.se\/index.php?rest_route=%2Fwp%2Fv2%2Fmedia&parent=152"}],"curies":[{"name":"wp","href":"https:\/\/api.w.org\/{rel}","templated":true}]}}