{"id":144,"date":"2017-05-18T10:56:35","date_gmt":"2017-05-18T08:56:35","guid":{"rendered":"http:\/\/u6253216.fsdata.se\/?page_id=144"},"modified":"2024-01-23T18:44:43","modified_gmt":"2024-01-23T17:44:43","slug":"kontakta-oss","status":"publish","type":"page","link":"https:\/\/www.gvfs.se\/?page_id=144","title":{"rendered":"Kontakta oss"},"content":{"rendered":"<div id=\"sites-canvas-main\" class=\"sites-canvas-main\">\n<div id=\"sites-canvas-main-content\">\n<table class=\"sites-layout-name-one-column sites-layout-hbox\" cellspacing=\"0\">\n<tbody>\n<tr>\n<td class=\"sites-layout-tile sites-tile-name-content-1\">\n<div dir=\"ltr\">\n<h3>Kontakta oss<\/h3>\n<p>Om du eller n\u00e5gon du k\u00e4nner vill delta i s\u00e4llskapets verksamhet, har fr\u00e5gor om medlemskap\/sponsring eller allm\u00e4nna fr\u00e5gor om GVFS, \u00e4r du v\u00e4lkommen att kontakta en av v\u00e5ra kontaktpersoner:<\/p>\n<div>Gert B\u00f6ll\u00a0\u00a0 \u00a0\u00a0\u00a0 \u00a0\u00a0\u00a0 \u00a0\u00a0\u00a0 \u00a0\u00a0\u00a0 \u00a00708-905625<\/div>\n<div>Erik Tunared\u00a0\u00a0 \u00a0\u00a0\u00a0 \u00a0\u00a0\u00a0 \u00a00707-367297<\/div>\n<div>\n<p><a href=\"mailto:veteranflyg@gmail.com\">Skicka mail till GVFS h\u00e4r!<\/a><\/p>\n<p><strong>Postadress:<\/strong><br \/>\nG\u00f6teborgs Veteranflygs\u00e4llskap,<\/p>\n<\/div>\n<div>\u2105 Ronald M\u00e5nsson<\/div>\n<div>\n<div>Paternostergatan 2<\/div>\n<div>414 67 G\u00d6TEBORG<\/div>\n<div><strong>Epost:<\/strong><\/div>\n<div><a href=\"mailto:ronaldmansson@icloud.com\">ronaldmansson@icloud.com<\/a><\/div>\n<div>&#8212;<\/div>\n<\/div>\n<div><strong>ALINGS\u00c5S FLYGF\u00c4LT<\/strong><\/div>\n<div><\/div>\n<div class=\"sites-embed-align-left-wrapping-off\">\n<div class=\"sites-embed-border-off sites-embed sites-embed-full-width\">\n<div class=\"sites-embed-content sites-embed-type-ggs-gadget\"><iframe loading=\"lazy\" id=\"1730373682\" class=\"igm\" title=\"Include gadget (iframe)\" src=\"http:\/\/mj89sp3sau2k7lj1eg3k40hkeppguj6j-a-sites-opensocial.googleusercontent.com\/gadgets\/ifr?url=http:\/\/www.gstatic.com\/sites-gadgets\/iframe\/iframe.xml&amp;container=enterprise&amp;view=default&amp;lang=sv&amp;country=ALL&amp;sanitize=0&amp;v=a9181763c0c449ab&amp;libs=core&amp;mid=228&amp;parent=http:\/\/www.gvfs.se\/kontakta-oss#up_scroll=no&amp;up_iframeURL=http:\/\/maps.google.se\/maps?q%3D57.949845,12.575183%26num%3D1%26t%3Dh%26sll%3D58.180197,11.989087%26sspn%3D0.550499,1.196689%26ie%3DUTF8%26ll%3D57.955219,12.579432%26spn%3D0.012229,0.038409%26z%3D14%26output%3Dembed&amp;st=e%3DAIHE3cCNTW7mwtTgGGB8DUJje2mumqR7g53puagXb%252B6upTfsHTA0o7LJjJZyALzZG5OAJ0A8nMaqqa0XFKCKEynJ9qbc%252BXYfoyMD887DG%252F2DmTlU8nj2ugd%252BkvHNFnW7CoYTn%252BaP%252BPFr%26c%3Denterprise&amp;rpctoken=-6610084899886426467\" name=\"1730373682\" width=\"100%\" height=\"400\" frameborder=\"0\" scrolling=\"no\" data-mce-fragment=\"1\"><\/iframe><\/div>\n<\/div>\n<\/div>\n<p><small><a href=\"http:\/\/maps.google.se\/maps?q=57.949845,12.575183&amp;num=1&amp;t=h&amp;sll=58.180197,11.989087&amp;sspn=0.550499,1.196689&amp;ie=UTF8&amp;ll=57.955219,12.579432&amp;spn=0.012229,0.038409&amp;z=14&amp;source=embed\">Visa st\u00f6rre karta<\/a><\/small><\/p>\n<div><\/div>\n<\/div>\n<\/td>\n<\/tr>\n<\/tbody>\n<\/table>\n<\/div>\n<\/div>\n","protected":false},"excerpt":{"rendered":"<p>Kontakta oss Om du eller n\u00e5gon du k\u00e4nner vill delta i s\u00e4llskapets verksamhet, har fr\u00e5gor om medlemskap\/sponsring eller allm\u00e4nna fr\u00e5gor om GVFS, \u00e4r du v\u00e4lkommen att kontakta en av v\u00e5ra kontaktpersoner: Gert B\u00f6ll\u00a0\u00a0 \u00a0\u00a0\u00a0 \u00a0\u00a0\u00a0 \u00a0\u00a0\u00a0 \u00a0\u00a0\u00a0 \u00a00708-905625 Erik Tunared\u00a0\u00a0 \u00a0\u00a0\u00a0 \u00a0\u00a0\u00a0 \u00a00707-367297 Skicka mail till GVFS h\u00e4r! Postadress: G\u00f6teborgs Veteranflygs\u00e4llskap, \u2105 Ronald M\u00e5nsson Paternostergatan [&hellip;]<\/p>\n","protected":false},"author":1,"featured_media":0,"parent":0,"menu_order":0,"comment_status":"closed","ping_status":"closed","template":"","meta":{"footnotes":""},"class_list":["post-144","page","type-page","status-publish","hentry","entry"],"_links":{"self":[{"href":"https:\/\/www.gvfs.se\/index.php?rest_route=\/wp\/v2\/pages\/144","targetHints":{"allow":["GET"]}}],"collection":[{"href":"https:\/\/www.gvfs.se\/index.php?rest_route=\/wp\/v2\/pages"}],"about":[{"href":"https:\/\/www.gvfs.se\/index.php?rest_route=\/wp\/v2\/types\/page"}],"author":[{"embeddable":true,"href":"https:\/\/www.gvfs.se\/index.php?rest_route=\/wp\/v2\/users\/1"}],"replies":[{"embeddable":true,"href":"https:\/\/www.gvfs.se\/index.php?rest_route=%2Fwp%2Fv2%2Fcomments&post=144"}],"version-history":[{"count":8,"href":"https:\/\/www.gvfs.se\/index.php?rest_route=\/wp\/v2\/pages\/144\/revisions"}],"predecessor-version":[{"id":620,"href":"https:\/\/www.gvfs.se\/index.php?rest_route=\/wp\/v2\/pages\/144\/revisions\/620"}],"wp:attachment":[{"href":"https:\/\/www.gvfs.se\/index.php?rest_route=%2Fwp%2Fv2%2Fmedia&parent=144"}],"curies":[{"name":"wp","href":"https:\/\/api.w.org\/{rel}","templated":true}]}}